{"id":4458,"date":"2024-04-17T03:10:37","date_gmt":"2024-04-17T03:10:37","guid":{"rendered":"https:\/\/panamanhatrang.com\/video\/"},"modified":"2024-05-29T01:44:57","modified_gmt":"2024-05-29T01:44:57","slug":"video","status":"publish","type":"page","link":"https:\/\/panamanhatrang.com\/en\/video\/","title":{"rendered":"Video"},"content":{"rendered":"<p>[vc_row full_width=&#8221;stretch_row&#8221; el_class=&#8221;khoang-cach-doan-video&#8221;][vc_column][vc_video link=&#8221;https:\/\/www.youtube.com\/watch?v=u9CNno9ECJk&#8221; el_width=&#8221;90&#8243; align=&#8221;center&#8221;][\/vc_column][\/vc_row][vc_row full_width=&#8221;stretch_row&#8221; el_class=&#8221;khoang-cach-doan-email&#8221; css=&#8221;.vc_custom_1716524753632{background-image: url(http:\/\/panamanhatrang.com\/wp-content\/uploads\/2024\/04\/Bobiennhatrang1-1.jpg?id=2530) !important;background-position: center !important;background-repeat: no-repeat !important;background-size: cover !important;}&#8221;][vc_column][vc_custom_heading text=&#8221;B\u1ea0N C\u00d3 MU\u1ed0N NH\u1eacN \u01afU \u0110\u00c3I CHO K\u1ef2 NGH\u1ec8 S\u1eaeP T\u1edaI ?&#8221; font_container=&#8221;tag:h2|text_align:center|color:%23ffffff&#8221; use_theme_fonts=&#8221;yes&#8221;][vc_separator color=&#8221;custom&#8221; border_width=&#8221;3&#8243; el_width=&#8221;10&#8243; accent_color=&#8221;#cd8744&#8243;][vc_column_text]<\/p>\n<p style=\"text-align: center;\"><span style=\"color: #ffffff;\">H\u00e3y \u0111\u0103ng k\u00fd \u0111\u1ec3 theo d\u00f5i c\u00e1c \u01b0u \u0111\u00e3i \u0111\u1eb7c bi\u1ec7t v\u00e0 m\u1edbi nh\u1ea5t t\u1eeb ch\u00fang t\u00f4i.<\/span><\/p>\n<p>[\/vc_column_text]<div role=\"form\" class=\"wpcf7\" id=\"wpcf7-f4689-o1\" lang=\"en-US\" dir=\"ltr\">\n<div class=\"screen-reader-response\"><p role=\"status\" aria-live=\"polite\" aria-atomic=\"true\"><\/p> <ul><\/ul><\/div>\n<form action=\"\/en\/wp-json\/wp\/v2\/pages\/4458#wpcf7-f4689-o1\" method=\"post\" class=\"wpcf7-form init\" novalidate=\"novalidate\" data-status=\"init\">\n<div style=\"display: none;\">\n<input type=\"hidden\" name=\"_wpcf7\" value=\"4689\" \/>\n<input type=\"hidden\" name=\"_wpcf7_version\" value=\"5.5.3\" \/>\n<input type=\"hidden\" name=\"_wpcf7_locale\" value=\"en_US\" \/>\n<input type=\"hidden\" name=\"_wpcf7_unit_tag\" value=\"wpcf7-f4689-o1\" \/>\n<input type=\"hidden\" name=\"_wpcf7_container_post\" value=\"0\" \/>\n<input type=\"hidden\" name=\"_wpcf7_posted_data_hash\" value=\"\" \/>\n<input type=\"hidden\" name=\"_wpcf7_recaptcha_response\" value=\"\" \/>\n<\/div>\n<div class=\"form-group col-md-6\">\n    <span class=\"wpcf7-form-control-wrap your-name\"><input type=\"text\" name=\"your-name\" value=\"\" size=\"40\" class=\"wpcf7-form-control wpcf7-text wpcf7-validates-as-required form-control\" aria-required=\"true\" aria-invalid=\"false\" placeholder=\"Your name\" \/><\/span>\n  <\/div>\n<div class=\"form-group col-md-6\">\n    <span class=\"wpcf7-form-control-wrap your-phone\"><input type=\"text\" name=\"your-phone\" value=\"\" size=\"40\" class=\"wpcf7-form-control wpcf7-text wpcf7-validates-as-required form-control\" aria-required=\"true\" aria-invalid=\"false\" placeholder=\"Your Phone\" \/><\/span>\n  <\/div>\n<div class=\"form-group col-md-6\">\n    <span class=\"wpcf7-form-control-wrap your-email\"><input type=\"email\" name=\"your-email\" value=\"\" size=\"40\" class=\"wpcf7-form-control wpcf7-text wpcf7-email wpcf7-validates-as-required wpcf7-validates-as-email form-control\" aria-required=\"true\" aria-invalid=\"false\" placeholder=\"Email\" \/><\/span>\n  <\/div>\n<p><input type=\"submit\" value=\"SEND\" class=\"wpcf7-form-control has-spinner wpcf7-submit button fw btn_lg mt10\" \/><\/p>\n<div class=\"wpcf7-response-output\" aria-hidden=\"true\"><\/div><\/form><\/div>[\/vc_column][\/vc_row]<\/p>\n","protected":false},"excerpt":{"rendered":"<p>[vc_row full_width=&#8221;stretch_row&#8221; el_class=&#8221;khoang-cach-doan-video&#8221;][vc_column][vc_video link=&#8221;https:\/\/www.youtube.com\/watch?v=u9CNno9ECJk&#8221; el_width=&#8221;90&#8243; align=&#8221;center&#8221;][\/vc_column][\/vc_row][vc_row full_width=&#8221;stretch_row&#8221; el_class=&#8221;khoang-cach-doan-email&#8221; css=&#8221;.vc_custom_1716524753632{background-image: url(http:\/\/panamanhatrang.com\/wp-content\/uploads\/2024\/04\/Bobiennhatrang1-1.jpg?id=2530) !important;background-position: center !important;background-repeat: no-repeat !important;background-size: cover !important;}&#8221;][vc_column][vc_custom_heading text=&#8221;B\u1ea0N C\u00d3 MU\u1ed0N NH\u1eacN \u01afU \u0110\u00c3I CHO K\u1ef2 NGH\u1ec8 S\u1eaeP T\u1edaI ?&#8221; font_container=&#8221;tag:h2|text_align:center|color:%23ffffff&#8221; use_theme_fonts=&#8221;yes&#8221;][vc_separator color=&#8221;custom&#8221; border_width=&#8221;3&#8243; el_width=&#8221;10&#8243; accent_color=&#8221;#cd8744&#8243;][vc_column_text] H\u00e3y \u0111\u0103ng k\u00fd \u0111\u1ec3 theo d\u00f5i c\u00e1c \u01b0u \u0111\u00e3i \u0111\u1eb7c bi\u1ec7t v\u00e0 m\u1edbi nh\u1ea5t t\u1eeb ch\u00fang t\u00f4i. [\/vc_column_text][\/vc_column][\/vc_row]<\/p>\n","protected":false},"author":1,"featured_media":0,"parent":0,"menu_order":0,"comment_status":"closed","ping_status":"closed","template":"","meta":{"footnotes":""},"class_list":["post-4458","page","type-page","status-publish","hentry"],"yoast_head":"<!-- This site is optimized with the Yoast SEO plugin v27.3 - https:\/\/yoast.com\/product\/yoast-seo-wordpress\/ -->\r\n<title>Video - Panama Nha Trang Hotel<\/title>\r\n<meta name=\"robots\" content=\"index, follow, max-snippet:-1, max-image-preview:large, max-video-preview:-1\" \/>\r\n<link rel=\"canonical\" href=\"https:\/\/panamanhatrang.com\/video\/\" \/>\r\n<meta property=\"og:locale\" content=\"en_US\" \/>\r\n<meta property=\"og:type\" content=\"article\" \/>\r\n<meta property=\"og:title\" content=\"Video - Panama Nha Trang Hotel\" \/>\r\n<meta property=\"og:description\" content=\"[vc_row full_width=&#8221;stretch_row&#8221; el_class=&#8221;khoang-cach-doan-video&#8221;][vc_column][vc_video link=&#8221;https:\/\/www.youtube.com\/watch?v=u9CNno9ECJk&#8221; el_width=&#8221;90&#8243; align=&#8221;center&#8221;][\/vc_column][\/vc_row][vc_row full_width=&#8221;stretch_row&#8221; el_class=&#8221;khoang-cach-doan-email&#8221; css=&#8221;.vc_custom_1716524753632{background-image: url(http:\/\/panamanhatrang.com\/wp-content\/uploads\/2024\/04\/Bobiennhatrang1-1.jpg?id=2530) !important;background-position: center !important;background-repeat: no-repeat !important;background-size: cover !important;}&#8221;][vc_column][vc_custom_heading text=&#8221;B\u1ea0N C\u00d3 MU\u1ed0N NH\u1eacN \u01afU \u0110\u00c3I CHO K\u1ef2 NGH\u1ec8 S\u1eaeP T\u1edaI ?&#8221; font_container=&#8221;tag:h2|text_align:center|color:%23ffffff&#8221; use_theme_fonts=&#8221;yes&#8221;][vc_separator color=&#8221;custom&#8221; border_width=&#8221;3&#8243; el_width=&#8221;10&#8243; accent_color=&#8221;#cd8744&#8243;][vc_column_text] H\u00e3y \u0111\u0103ng k\u00fd \u0111\u1ec3 theo d\u00f5i c\u00e1c \u01b0u \u0111\u00e3i \u0111\u1eb7c bi\u1ec7t v\u00e0 m\u1edbi nh\u1ea5t t\u1eeb ch\u00fang t\u00f4i. [\/vc_column_text][\/vc_column][\/vc_row]\" \/>\r\n<meta property=\"og:url\" content=\"https:\/\/panamanhatrang.com\/video\/\" \/>\r\n<meta property=\"og:site_name\" content=\"Panama Nha Trang Hotel\" \/>\r\n<meta property=\"article:modified_time\" content=\"2024-05-29T01:44:57+00:00\" \/>\r\n<meta name=\"twitter:card\" content=\"summary_large_image\" \/>\r\n<meta name=\"twitter:label1\" content=\"Est. reading time\" \/>\n\t<meta name=\"twitter:data1\" content=\"1 minute\" \/>\r\n<script type=\"application\/ld+json\" class=\"yoast-schema-graph\">{\"@context\":\"https:\\\/\\\/schema.org\",\"@graph\":[{\"@type\":\"WebPage\",\"@id\":\"https:\\\/\\\/panamanhatrang.com\\\/video\\\/\",\"url\":\"https:\\\/\\\/panamanhatrang.com\\\/video\\\/\",\"name\":\"Video - Panama Nha Trang Hotel\",\"isPartOf\":{\"@id\":\"https:\\\/\\\/panamanhatrang.com\\\/en\\\/#website\"},\"datePublished\":\"2024-04-17T03:10:37+00:00\",\"dateModified\":\"2024-05-29T01:44:57+00:00\",\"breadcrumb\":{\"@id\":\"https:\\\/\\\/panamanhatrang.com\\\/video\\\/#breadcrumb\"},\"inLanguage\":\"en-US\",\"potentialAction\":[{\"@type\":\"ReadAction\",\"target\":[\"https:\\\/\\\/panamanhatrang.com\\\/video\\\/\"]}]},{\"@type\":\"BreadcrumbList\",\"@id\":\"https:\\\/\\\/panamanhatrang.com\\\/video\\\/#breadcrumb\",\"itemListElement\":[{\"@type\":\"ListItem\",\"position\":1,\"name\":\"Home\",\"item\":\"https:\\\/\\\/panamanhatrang.com\\\/en\\\/\"},{\"@type\":\"ListItem\",\"position\":2,\"name\":\"Video\"}]},{\"@type\":\"WebSite\",\"@id\":\"https:\\\/\\\/panamanhatrang.com\\\/en\\\/#website\",\"url\":\"https:\\\/\\\/panamanhatrang.com\\\/en\\\/\",\"name\":\"Panama Nha Trang Hotel\",\"description\":\"Nha Trang\",\"publisher\":{\"@id\":\"https:\\\/\\\/panamanhatrang.com\\\/en\\\/#organization\"},\"potentialAction\":[{\"@type\":\"SearchAction\",\"target\":{\"@type\":\"EntryPoint\",\"urlTemplate\":\"https:\\\/\\\/panamanhatrang.com\\\/en\\\/?s={search_term_string}\"},\"query-input\":{\"@type\":\"PropertyValueSpecification\",\"valueRequired\":true,\"valueName\":\"search_term_string\"}}],\"inLanguage\":\"en-US\"},{\"@type\":\"Organization\",\"@id\":\"https:\\\/\\\/panamanhatrang.com\\\/en\\\/#organization\",\"name\":\"Panama Nha Trang Hotel\",\"url\":\"https:\\\/\\\/panamanhatrang.com\\\/en\\\/\",\"logo\":{\"@type\":\"ImageObject\",\"inLanguage\":\"en-US\",\"@id\":\"https:\\\/\\\/panamanhatrang.com\\\/en\\\/#\\\/schema\\\/logo\\\/image\\\/\",\"url\":\"https:\\\/\\\/panamanhatrang.com\\\/wp-content\\\/uploads\\\/2024\\\/05\\\/LOGO-PANAMA-HOTEL-02-2.jpg\",\"contentUrl\":\"https:\\\/\\\/panamanhatrang.com\\\/wp-content\\\/uploads\\\/2024\\\/05\\\/LOGO-PANAMA-HOTEL-02-2.jpg\",\"width\":235,\"height\":235,\"caption\":\"Panama Nha Trang Hotel\"},\"image\":{\"@id\":\"https:\\\/\\\/panamanhatrang.com\\\/en\\\/#\\\/schema\\\/logo\\\/image\\\/\"}}]}<\/script>\r\n<!-- \/ Yoast SEO plugin. -->","yoast_head_json":{"title":"Video - Panama Nha Trang Hotel","robots":{"index":"index","follow":"follow","max-snippet":"max-snippet:-1","max-image-preview":"max-image-preview:large","max-video-preview":"max-video-preview:-1"},"canonical":"https:\/\/panamanhatrang.com\/video\/","og_locale":"en_US","og_type":"article","og_title":"Video - Panama Nha Trang Hotel","og_description":"[vc_row full_width=&#8221;stretch_row&#8221; el_class=&#8221;khoang-cach-doan-video&#8221;][vc_column][vc_video link=&#8221;https:\/\/www.youtube.com\/watch?v=u9CNno9ECJk&#8221; el_width=&#8221;90&#8243; align=&#8221;center&#8221;][\/vc_column][\/vc_row][vc_row full_width=&#8221;stretch_row&#8221; el_class=&#8221;khoang-cach-doan-email&#8221; css=&#8221;.vc_custom_1716524753632{background-image: url(http:\/\/panamanhatrang.com\/wp-content\/uploads\/2024\/04\/Bobiennhatrang1-1.jpg?id=2530) !important;background-position: center !important;background-repeat: no-repeat !important;background-size: cover !important;}&#8221;][vc_column][vc_custom_heading text=&#8221;B\u1ea0N C\u00d3 MU\u1ed0N NH\u1eacN \u01afU \u0110\u00c3I CHO K\u1ef2 NGH\u1ec8 S\u1eaeP T\u1edaI ?&#8221; font_container=&#8221;tag:h2|text_align:center|color:%23ffffff&#8221; use_theme_fonts=&#8221;yes&#8221;][vc_separator color=&#8221;custom&#8221; border_width=&#8221;3&#8243; el_width=&#8221;10&#8243; accent_color=&#8221;#cd8744&#8243;][vc_column_text] H\u00e3y \u0111\u0103ng k\u00fd \u0111\u1ec3 theo d\u00f5i c\u00e1c \u01b0u \u0111\u00e3i \u0111\u1eb7c bi\u1ec7t v\u00e0 m\u1edbi nh\u1ea5t t\u1eeb ch\u00fang t\u00f4i. [\/vc_column_text][\/vc_column][\/vc_row]","og_url":"https:\/\/panamanhatrang.com\/video\/","og_site_name":"Panama Nha Trang Hotel","article_modified_time":"2024-05-29T01:44:57+00:00","twitter_card":"summary_large_image","twitter_misc":{"Est. reading time":"1 minute"},"schema":{"@context":"https:\/\/schema.org","@graph":[{"@type":"WebPage","@id":"https:\/\/panamanhatrang.com\/video\/","url":"https:\/\/panamanhatrang.com\/video\/","name":"Video - Panama Nha Trang Hotel","isPartOf":{"@id":"https:\/\/panamanhatrang.com\/en\/#website"},"datePublished":"2024-04-17T03:10:37+00:00","dateModified":"2024-05-29T01:44:57+00:00","breadcrumb":{"@id":"https:\/\/panamanhatrang.com\/video\/#breadcrumb"},"inLanguage":"en-US","potentialAction":[{"@type":"ReadAction","target":["https:\/\/panamanhatrang.com\/video\/"]}]},{"@type":"BreadcrumbList","@id":"https:\/\/panamanhatrang.com\/video\/#breadcrumb","itemListElement":[{"@type":"ListItem","position":1,"name":"Home","item":"https:\/\/panamanhatrang.com\/en\/"},{"@type":"ListItem","position":2,"name":"Video"}]},{"@type":"WebSite","@id":"https:\/\/panamanhatrang.com\/en\/#website","url":"https:\/\/panamanhatrang.com\/en\/","name":"Panama Nha Trang Hotel","description":"Nha Trang","publisher":{"@id":"https:\/\/panamanhatrang.com\/en\/#organization"},"potentialAction":[{"@type":"SearchAction","target":{"@type":"EntryPoint","urlTemplate":"https:\/\/panamanhatrang.com\/en\/?s={search_term_string}"},"query-input":{"@type":"PropertyValueSpecification","valueRequired":true,"valueName":"search_term_string"}}],"inLanguage":"en-US"},{"@type":"Organization","@id":"https:\/\/panamanhatrang.com\/en\/#organization","name":"Panama Nha Trang Hotel","url":"https:\/\/panamanhatrang.com\/en\/","logo":{"@type":"ImageObject","inLanguage":"en-US","@id":"https:\/\/panamanhatrang.com\/en\/#\/schema\/logo\/image\/","url":"https:\/\/panamanhatrang.com\/wp-content\/uploads\/2024\/05\/LOGO-PANAMA-HOTEL-02-2.jpg","contentUrl":"https:\/\/panamanhatrang.com\/wp-content\/uploads\/2024\/05\/LOGO-PANAMA-HOTEL-02-2.jpg","width":235,"height":235,"caption":"Panama Nha Trang Hotel"},"image":{"@id":"https:\/\/panamanhatrang.com\/en\/#\/schema\/logo\/image\/"}}]}},"_links":{"self":[{"href":"https:\/\/panamanhatrang.com\/en\/wp-json\/wp\/v2\/pages\/4458","targetHints":{"allow":["GET"]}}],"collection":[{"href":"https:\/\/panamanhatrang.com\/en\/wp-json\/wp\/v2\/pages"}],"about":[{"href":"https:\/\/panamanhatrang.com\/en\/wp-json\/wp\/v2\/types\/page"}],"author":[{"embeddable":true,"href":"https:\/\/panamanhatrang.com\/en\/wp-json\/wp\/v2\/users\/1"}],"replies":[{"embeddable":true,"href":"https:\/\/panamanhatrang.com\/en\/wp-json\/wp\/v2\/comments?post=4458"}],"version-history":[{"count":2,"href":"https:\/\/panamanhatrang.com\/en\/wp-json\/wp\/v2\/pages\/4458\/revisions"}],"predecessor-version":[{"id":4701,"href":"https:\/\/panamanhatrang.com\/en\/wp-json\/wp\/v2\/pages\/4458\/revisions\/4701"}],"wp:attachment":[{"href":"https:\/\/panamanhatrang.com\/en\/wp-json\/wp\/v2\/media?parent=4458"}],"curies":[{"name":"wp","href":"https:\/\/api.w.org\/{rel}","templated":true}]}}